{"id":176,"date":"2023-04-30T08:32:53","date_gmt":"2023-04-30T06:32:53","guid":{"rendered":"https:\/\/portlandmachinery.com\/?post_type=product&#038;p=176"},"modified":"2023-05-14T10:40:44","modified_gmt":"2023-05-14T08:40:44","slug":"portland-ultimate-premium-lanckeno-olaj-1liter","status":"publish","type":"product","link":"https:\/\/portlandmachinery.com\/sr\/termek\/portland-ultimate-premium-lanckeno-olaj-1liter\/","title":{"rendered":"Portland Ultimate Premium Ulje za lanac 1Litra"},"content":{"rendered":"<p>Moderno, visokokvalitetno ulje za podmazivanje lanaca za skoro sve marke motornih testera. Dodati aditivi obezbe\u0111uju pove\u0107ane performanse podmazivanja, tokom cele godine.<br \/>\nUpotreba: The Ultimate Premium Chain &amp; Bar ulje je mazivo za lance testera i vo\u0111ice lanaca.<br \/>\nNaro\u010dito dobro prijanja i, zahvaljuju\u0107i aditivima protiv habanja, pru\u017ea najsavr\u0161enije podmazivanje za motorne testere. \u010cak i pod te\u0161kim uslovima rada, njegov efekat podmazivanja je optimalan, a ima veliku rezervu snage \u010dak i u ekstremnim uslovima.<\/p>","protected":false},"excerpt":{"rendered":"<p>Moderno, visokokvalitetno ulje za podmazivanje lanaca za skoro sve marke motornih testera. Dodati aditivi obezbe\u0111uju pove\u0107ane performanse podmazivanja, tokom cele godine.<\/p>","protected":false},"featured_media":15,"comment_status":"open","ping_status":"closed","template":"","meta":{"_seopress_robots_primary_cat":"none","_seopress_titles_title":"","_seopress_titles_desc":"","_seopress_robots_index":""},"product_brand":[],"product_cat":[23],"product_tag":[],"class_list":{"0":"post-176","1":"product","2":"type-product","3":"status-publish","4":"has-post-thumbnail","6":"product_cat-olajok-es-kenoanyagok","7":"","8":"woocommerce-text-align-center","9":"woocommerce-image-align-center","10":"do-quantity-buttons","12":"first","13":"instock","14":"shipping-taxable","15":"product-type-simple"},"_links":{"self":[{"href":"https:\/\/portlandmachinery.com\/sr\/wp-json\/wp\/v2\/product\/176","targetHints":{"allow":["GET"]}}],"collection":[{"href":"https:\/\/portlandmachinery.com\/sr\/wp-json\/wp\/v2\/product"}],"about":[{"href":"https:\/\/portlandmachinery.com\/sr\/wp-json\/wp\/v2\/types\/product"}],"replies":[{"embeddable":true,"href":"https:\/\/portlandmachinery.com\/sr\/wp-json\/wp\/v2\/comments?post=176"}],"wp:featuredmedia":[{"embeddable":true,"href":"https:\/\/portlandmachinery.com\/sr\/wp-json\/wp\/v2\/media\/15"}],"wp:attachment":[{"href":"https:\/\/portlandmachinery.com\/sr\/wp-json\/wp\/v2\/media?parent=176"}],"wp:term":[{"taxonomy":"product_brand","embeddable":true,"href":"https:\/\/portlandmachinery.com\/sr\/wp-json\/wp\/v2\/product_brand?post=176"},{"taxonomy":"product_cat","embeddable":true,"href":"https:\/\/portlandmachinery.com\/sr\/wp-json\/wp\/v2\/product_cat?post=176"},{"taxonomy":"product_tag","embeddable":true,"href":"https:\/\/portlandmachinery.com\/sr\/wp-json\/wp\/v2\/product_tag?post=176"}],"curies":[{"name":"wp","href":"https:\/\/api.w.org\/{rel}","templated":true}]}}