{"id":177,"date":"2023-04-30T08:32:53","date_gmt":"2023-04-30T06:32:53","guid":{"rendered":"https:\/\/portlandmachinery.com\/?post_type=product&#038;p=177"},"modified":"2023-05-14T10:43:53","modified_gmt":"2023-05-14T08:43:53","slug":"portland-ultimate-premium-2t-olaj-600ml","status":"publish","type":"product","link":"https:\/\/portlandmachinery.com\/sr\/termek\/portland-ultimate-premium-2t-olaj-600ml\/","title":{"rendered":"Portland Ultimate Premium 2T Ulje 600 ml"},"content":{"rendered":"<p>Ultimate Premium 2T ECO motorno ulje tako\u0111e sadr\u017ei komponente za \u010di\u0161\u0107enje i za\u0161titu od korozije. Mo\u017ee se koristiti za sve tipove dvotaktnih motora sa vazdu\u0161nim i vodenim hla\u0111enjem, bilo za me\u0161ovito podmazivanje ili za poseban sistem podmazivanja. Dobro me\u0161anje sa gorivom je omogu\u0107eno emulguju\u0107im aditivima (na primer: dodavanjem 100 ml na 5 litara dobija se me\u0161avina 1:50).<\/p>\n<p>Prednosti:<br \/>\n\u25cfSpre\u010dava starenje me\u0161avine goriva.<br \/>\n\u25cf Dvotaktne ma\u0161ine mogu bez problema prezimiti.<br \/>\n\u25cf Omogu\u0107ava brzo i lako pokretanje motora.<br \/>\n\u25cf \u0160titi protiv korozije<br \/>\n\u25cf Odr\u017eava sistem za gorivo \u010distim.<\/p>","protected":false},"excerpt":{"rendered":"<p>\u25cfSpre\u010dava starenje me\u0161avine goriva.<br \/>\n\u25cf Dvotaktne ma\u0161ine mogu bez problema prezimiti.<br \/>\n\u25cf Omogu\u0107ava brzo i lako pokretanje motora.<br \/>\n\u25cf \u0160titi protiv korozije<br \/>\n\u25cf Odr\u017eava sistem za gorivo \u010distim.<\/p>","protected":false},"featured_media":15,"comment_status":"open","ping_status":"closed","template":"","meta":{"_seopress_robots_primary_cat":"none","_seopress_titles_title":"","_seopress_titles_desc":"","_seopress_robots_index":""},"product_brand":[],"product_cat":[23],"product_tag":[],"class_list":{"0":"post-177","1":"product","2":"type-product","3":"status-publish","4":"has-post-thumbnail","6":"product_cat-olajok-es-kenoanyagok","7":"","8":"woocommerce-text-align-center","9":"woocommerce-image-align-center","10":"do-quantity-buttons","12":"first","13":"instock","14":"shipping-taxable","15":"product-type-simple"},"_links":{"self":[{"href":"https:\/\/portlandmachinery.com\/sr\/wp-json\/wp\/v2\/product\/177","targetHints":{"allow":["GET"]}}],"collection":[{"href":"https:\/\/portlandmachinery.com\/sr\/wp-json\/wp\/v2\/product"}],"about":[{"href":"https:\/\/portlandmachinery.com\/sr\/wp-json\/wp\/v2\/types\/product"}],"replies":[{"embeddable":true,"href":"https:\/\/portlandmachinery.com\/sr\/wp-json\/wp\/v2\/comments?post=177"}],"wp:featuredmedia":[{"embeddable":true,"href":"https:\/\/portlandmachinery.com\/sr\/wp-json\/wp\/v2\/media\/15"}],"wp:attachment":[{"href":"https:\/\/portlandmachinery.com\/sr\/wp-json\/wp\/v2\/media?parent=177"}],"wp:term":[{"taxonomy":"product_brand","embeddable":true,"href":"https:\/\/portlandmachinery.com\/sr\/wp-json\/wp\/v2\/product_brand?post=177"},{"taxonomy":"product_cat","embeddable":true,"href":"https:\/\/portlandmachinery.com\/sr\/wp-json\/wp\/v2\/product_cat?post=177"},{"taxonomy":"product_tag","embeddable":true,"href":"https:\/\/portlandmachinery.com\/sr\/wp-json\/wp\/v2\/product_tag?post=177"}],"curies":[{"name":"wp","href":"https:\/\/api.w.org\/{rel}","templated":true}]}}