{"id":184,"date":"2023-04-30T08:32:58","date_gmt":"2023-04-30T06:32:58","guid":{"rendered":"https:\/\/portlandmachinery.com\/?post_type=product&#038;p=184"},"modified":"2023-04-30T08:36:15","modified_gmt":"2023-04-30T06:36:15","slug":"portland-30lp-tekercslanc","status":"publish","type":"product","link":"https:\/\/portlandmachinery.com\/sr\/termek\/portland-30lp-tekercslanc\/","title":{"rendered":"Portland 30LP Rolna lanca"},"content":{"rendered":"<p>30LP je idealan za profesionalnu upotrebu. 30LP je odli\u010dan za benzinske motorne testere do 62cm3, kao i za motorne testere do max. vodilicom do 20\u2033 (50cm).<\/p>","protected":false},"excerpt":{"rendered":"<p>Specifikacije:<br \/>\nKorak lanca: .325\u2033<br \/>\n\u0160irina vodilice: .050\" (1,3 mm)<br \/>\nTako\u0111e je dostupan u rolnama od 100 stopa i u konfekcioniranim verzijama. Svaka rolna sadr\u017ei klin\u010di\u0107 i kariku za konfekcioniranje.<\/p>","protected":false},"featured_media":22,"comment_status":"open","ping_status":"closed","template":"","meta":{"_seopress_robots_primary_cat":"","_seopress_titles_title":"","_seopress_titles_desc":"","_seopress_robots_index":""},"product_brand":[],"product_cat":[24],"product_tag":[],"class_list":{"0":"post-184","1":"product","2":"type-product","3":"status-publish","4":"has-post-thumbnail","6":"product_cat-tekercslancok","7":"","8":"woocommerce-text-align-center","9":"woocommerce-image-align-center","10":"do-quantity-buttons","12":"first","13":"instock","14":"shipping-taxable","15":"product-type-simple"},"_links":{"self":[{"href":"https:\/\/portlandmachinery.com\/sr\/wp-json\/wp\/v2\/product\/184","targetHints":{"allow":["GET"]}}],"collection":[{"href":"https:\/\/portlandmachinery.com\/sr\/wp-json\/wp\/v2\/product"}],"about":[{"href":"https:\/\/portlandmachinery.com\/sr\/wp-json\/wp\/v2\/types\/product"}],"replies":[{"embeddable":true,"href":"https:\/\/portlandmachinery.com\/sr\/wp-json\/wp\/v2\/comments?post=184"}],"wp:featuredmedia":[{"embeddable":true,"href":"https:\/\/portlandmachinery.com\/sr\/wp-json\/wp\/v2\/media\/22"}],"wp:attachment":[{"href":"https:\/\/portlandmachinery.com\/sr\/wp-json\/wp\/v2\/media?parent=184"}],"wp:term":[{"taxonomy":"product_brand","embeddable":true,"href":"https:\/\/portlandmachinery.com\/sr\/wp-json\/wp\/v2\/product_brand?post=184"},{"taxonomy":"product_cat","embeddable":true,"href":"https:\/\/portlandmachinery.com\/sr\/wp-json\/wp\/v2\/product_cat?post=184"},{"taxonomy":"product_tag","embeddable":true,"href":"https:\/\/portlandmachinery.com\/sr\/wp-json\/wp\/v2\/product_tag?post=184"}],"curies":[{"name":"wp","href":"https:\/\/api.w.org\/{rel}","templated":true}]}}