{"id":190,"date":"2023-04-30T08:32:59","date_gmt":"2023-04-30T06:32:59","guid":{"rendered":"https:\/\/portlandmachinery.com\/?post_type=product&#038;p=190"},"modified":"2023-05-14T10:38:36","modified_gmt":"2023-05-14T08:38:36","slug":"ult-premium-lanckeno-olaj-5-l","status":"publish","type":"product","link":"https:\/\/portlandmachinery.com\/sr\/termek\/ult-premium-lanckeno-olaj-5-l\/","title":{"rendered":"Portland Ultimate Premium Ulje za lanac 5 Litara"},"content":{"rendered":"<p>Ultimate Premium Chain &amp; Bar ulje za lance i vodilice testera.<br \/>\nPosebno dobro prijanja i zahvaljuju\u0107i aditivima protiv habanja obezbe\u0111uje najsavr\u0161enije podmazivanje za motorne testere. \u010cak i pod te\u0161kim uslovima rada, njegov efekat podmazivanja je optimalan, a ima veliku rezervu snage \u010dak i u ekstremnim uslovima.<\/p>","protected":false},"excerpt":{"rendered":"<p>Ultimate Premium Chain &amp; Bar ulje za lance i vodilice testera.<\/p>","protected":false},"featured_media":15,"comment_status":"open","ping_status":"closed","template":"","meta":{"_seopress_robots_primary_cat":"none","_seopress_titles_title":"","_seopress_titles_desc":"","_seopress_robots_index":""},"product_brand":[],"product_cat":[23],"product_tag":[],"class_list":{"0":"post-190","1":"product","2":"type-product","3":"status-publish","4":"has-post-thumbnail","6":"product_cat-olajok-es-kenoanyagok","7":"","8":"woocommerce-text-align-center","9":"woocommerce-image-align-center","10":"do-quantity-buttons","12":"first","13":"instock","14":"shipping-taxable","15":"product-type-simple"},"_links":{"self":[{"href":"https:\/\/portlandmachinery.com\/sr\/wp-json\/wp\/v2\/product\/190","targetHints":{"allow":["GET"]}}],"collection":[{"href":"https:\/\/portlandmachinery.com\/sr\/wp-json\/wp\/v2\/product"}],"about":[{"href":"https:\/\/portlandmachinery.com\/sr\/wp-json\/wp\/v2\/types\/product"}],"replies":[{"embeddable":true,"href":"https:\/\/portlandmachinery.com\/sr\/wp-json\/wp\/v2\/comments?post=190"}],"wp:featuredmedia":[{"embeddable":true,"href":"https:\/\/portlandmachinery.com\/sr\/wp-json\/wp\/v2\/media\/15"}],"wp:attachment":[{"href":"https:\/\/portlandmachinery.com\/sr\/wp-json\/wp\/v2\/media?parent=190"}],"wp:term":[{"taxonomy":"product_brand","embeddable":true,"href":"https:\/\/portlandmachinery.com\/sr\/wp-json\/wp\/v2\/product_brand?post=190"},{"taxonomy":"product_cat","embeddable":true,"href":"https:\/\/portlandmachinery.com\/sr\/wp-json\/wp\/v2\/product_cat?post=190"},{"taxonomy":"product_tag","embeddable":true,"href":"https:\/\/portlandmachinery.com\/sr\/wp-json\/wp\/v2\/product_tag?post=190"}],"curies":[{"name":"wp","href":"https:\/\/api.w.org\/{rel}","templated":true}]}}